{"id":4949,"date":"2024-06-13T19:47:46","date_gmt":"2024-06-13T16:47:46","guid":{"rendered":"https:\/\/meretopatlayici.com.tr\/?page_id=4949"},"modified":"2024-06-13T19:52:01","modified_gmt":"2024-06-13T16:52:01","slug":"suya-dayanikli-anfo","status":"publish","type":"page","link":"https:\/\/meretopatlayici.com.tr\/index.php\/suya-dayanikli-anfo\/","title":{"rendered":"Suya Dayan\u0131kl\u0131 Anfo"},"content":{"rendered":"\t\t<div data-elementor-type=\"wp-page\" data-elementor-id=\"4949\" class=\"elementor elementor-4949\">\n\t\t\t\t\t\t<section class=\"elementor-section elementor-top-section elementor-element elementor-element-4a800654 elementor-section-boxed elementor-section-height-default elementor-section-height-default\" data-id=\"4a800654\" data-element_type=\"section\">\n\t\t\t\t\t\t<div class=\"elementor-container elementor-column-gap-no\">\n\t\t\t\t\t<div class=\"elementor-column elementor-col-100 elementor-top-column elementor-element elementor-element-1d3b9efc\" data-id=\"1d3b9efc\" data-element_type=\"column\">\n\t\t\t<div class=\"elementor-widget-wrap elementor-element-populated\">\n\t\t\t\t\t\t<section class=\"elementor-section elementor-inner-section elementor-element elementor-element-2202ec6e elementor-section-full_width elementor-section-height-default elementor-section-height-default\" data-id=\"2202ec6e\" data-element_type=\"section\">\n\t\t\t\t\t\t<div class=\"elementor-container elementor-column-gap-no\">\n\t\t\t\t\t<div class=\"elementor-column elementor-col-100 elementor-inner-column elementor-element elementor-element-3ec19dd5 page-single\" data-id=\"3ec19dd5\" data-element_type=\"column\">\n\t\t\t<div class=\"elementor-widget-wrap elementor-element-populated\">\n\t\t\t\t\t\t<div class=\"elementor-element elementor-element-24292833 page-img elementor-widget elementor-widget-image\" data-id=\"24292833\" data-element_type=\"widget\" data-widget_type=\"image.default\">\n\t\t\t\t<div class=\"elementor-widget-container\">\n\t\t\t<style>\/*! elementor - v3.22.0 - 26-06-2024 *\/\n.elementor-widget-image{text-align:center}.elementor-widget-image a{display:inline-block}.elementor-widget-image a img[src$=\".svg\"]{width:48px}.elementor-widget-image img{vertical-align:middle;display:inline-block}<\/style>\t\t\t\t\t\t\t\t\t\t<img fetchpriority=\"high\" decoding=\"async\" width=\"1438\" height=\"837\" src=\"https:\/\/meretopatlayici.com.tr\/wp-content\/uploads\/2024\/06\/anfoex-up-kapak.jpg\" class=\"attachment-full size-full wp-image-4892\" alt=\"\" srcset=\"https:\/\/meretopatlayici.com.tr\/wp-content\/uploads\/2024\/06\/anfoex-up-kapak.jpg 1438w, https:\/\/meretopatlayici.com.tr\/wp-content\/uploads\/2024\/06\/anfoex-up-kapak-600x349.jpg 600w, https:\/\/meretopatlayici.com.tr\/wp-content\/uploads\/2024\/06\/anfoex-up-kapak-300x175.jpg 300w, https:\/\/meretopatlayici.com.tr\/wp-content\/uploads\/2024\/06\/anfoex-up-kapak-1024x596.jpg 1024w, https:\/\/meretopatlayici.com.tr\/wp-content\/uploads\/2024\/06\/anfoex-up-kapak-768x447.jpg 768w\" sizes=\"(max-width: 1438px) 100vw, 1438px\" \/>\t\t\t\t\t\t\t\t\t\t\t\t\t<\/div>\n\t\t\t\t<\/div>\n\t\t\t\t<div class=\"elementor-element elementor-element-3e358639 h3 page-title elementor-widget elementor-widget-heading\" data-id=\"3e358639\" data-element_type=\"widget\" data-widget_type=\"heading.default\">\n\t\t\t\t<div class=\"elementor-widget-container\">\n\t\t\t<style>\/*! elementor - v3.22.0 - 26-06-2024 *\/\n.elementor-heading-title{padding:0;margin:0;line-height:1}.elementor-widget-heading .elementor-heading-title[class*=elementor-size-]>a{color:inherit;font-size:inherit;line-height:inherit}.elementor-widget-heading .elementor-heading-title.elementor-size-small{font-size:15px}.elementor-widget-heading .elementor-heading-title.elementor-size-medium{font-size:19px}.elementor-widget-heading .elementor-heading-title.elementor-size-large{font-size:29px}.elementor-widget-heading .elementor-heading-title.elementor-size-xl{font-size:39px}.elementor-widget-heading .elementor-heading-title.elementor-size-xxl{font-size:59px}<\/style><h3 class=\"elementor-heading-title elementor-size-default\"><h2 style=\"font-family: Barlow, sans-serif; white-space: normal;\">Suya Dayan\u0131kl\u0131 Anfo<\/h2><\/h3>\t\t<\/div>\n\t\t\t\t<\/div>\n\t\t\t\t<div class=\"elementor-element elementor-element-fab3ecb elementor-widget elementor-widget-text-editor\" data-id=\"fab3ecb\" data-element_type=\"widget\" data-widget_type=\"text-editor.default\">\n\t\t\t\t<div class=\"elementor-widget-container\">\n\t\t\t<style>\/*! elementor - v3.22.0 - 26-06-2024 *\/\n.elementor-widget-text-editor.elementor-drop-cap-view-stacked .elementor-drop-cap{background-color:#69727d;color:#fff}.elementor-widget-text-editor.elementor-drop-cap-view-framed .elementor-drop-cap{color:#69727d;border:3px solid;background-color:transparent}.elementor-widget-text-editor:not(.elementor-drop-cap-view-default) .elementor-drop-cap{margin-top:8px}.elementor-widget-text-editor:not(.elementor-drop-cap-view-default) .elementor-drop-cap-letter{width:1em;height:1em}.elementor-widget-text-editor .elementor-drop-cap{float:left;text-align:center;line-height:1;font-size:50px}.elementor-widget-text-editor .elementor-drop-cap-letter{display:inline-block}<\/style>\t\t\t\t<p>Suya dayan\u0131kl\u0131 ANFO, suya maruz kalan patlatma alanlar\u0131nda kullan\u0131lmak \u00fczere geli\u015ftirilmi\u015f bir t\u00fcr ANFO\u2019dur. Bu t\u00fcr ANFO, su ge\u00e7irmez bir kaplama veya em\u00fclsiyon teknolojisi ile modifiye edilerek suya kar\u015f\u0131 dayan\u0131kl\u0131 hale getirilir. Suya dayan\u0131kl\u0131 ANFO, nemli veya su dolu deliklerde bile g\u00fcvenilir bir patlama sa\u011flar.<\/p>\t\t\t\t\t\t<\/div>\n\t\t\t\t<\/div>\n\t\t\t\t<div class=\"elementor-element elementor-element-13da03a elementor-widget elementor-widget-text-editor\" data-id=\"13da03a\" data-element_type=\"widget\" data-widget_type=\"text-editor.default\">\n\t\t\t\t<div class=\"elementor-widget-container\">\n\t\t\t\t\t\t\t<ul><li><strong>G\u00fcvenilir Performans<\/strong>: Suya dayan\u0131kl\u0131 ANFO, su ile temas etti\u011finde bile stabilitesini ve etkinli\u011fini korur, b\u00f6ylece patlaman\u0131n verimlili\u011fi d\u00fc\u015fmez.<\/li><li><strong>Maliyet Etkinli\u011fi<\/strong>: Standart ANFO\u2019ya g\u00f6re biraz daha maliyetli olsa da, suya dayan\u0131kl\u0131 ANFO, su i\u00e7eren patlatma alanlar\u0131nda ek su tahliye masraflar\u0131n\u0131 ve i\u015f g\u00fcc\u00fc ihtiyac\u0131n\u0131 azaltarak toplam maliyeti d\u00fc\u015f\u00fcr\u00fcr.<\/li><li><strong>Kolay Kullan\u0131m<\/strong>: Geleneksel ANFO ile benzer \u015fekilde kullan\u0131labilir ve \u00f6zel ekipman gerektirmez.<\/li><li><strong>\u00c7evresel Dayan\u0131kl\u0131l\u0131k<\/strong>: Suya dayan\u0131kl\u0131 yap\u0131s\u0131 sayesinde, \u00e7evresel ko\u015fullardan etkilenmeden, uzun s\u00fcre g\u00fcvenilir bir \u015fekilde depolanabilir ve kullan\u0131labilir.<\/li><\/ul>\t\t\t\t\t\t<\/div>\n\t\t\t\t<\/div>\n\t\t\t\t<div class=\"elementor-element elementor-element-2d05d58 elementor-widget elementor-widget-text-editor\" data-id=\"2d05d58\" data-element_type=\"widget\" data-widget_type=\"text-editor.default\">\n\t\t\t\t<div class=\"elementor-widget-container\">\n\t\t\t\t\t\t\t<p>Her patlay\u0131c\u0131da oldu\u011fu gibi, suya dayan\u0131kl\u0131 ANFO\u2019nun da g\u00fcvenli bir \u015fekilde depolanmas\u0131, ta\u015f\u0131nmas\u0131 ve kullan\u0131lmas\u0131 gereklidir. Kullan\u0131m \u00f6ncesinde, ilgili g\u00fcvenlik ve kullan\u0131m talimatlar\u0131n\u0131n dikkatlice incelenmesi ve uygulanmas\u0131 \u00f6nemlidir. E\u011fitimli personel taraf\u0131ndan kullan\u0131lmal\u0131 ve patlay\u0131c\u0131 madde y\u00f6netmeliklerine uygun hareket edilmelidir.<\/p>\t\t\t\t\t\t<\/div>\n\t\t\t\t<\/div>\n\t\t\t\t<div class=\"elementor-element elementor-element-dc9edaf elementor-widget elementor-widget-text-editor\" data-id=\"dc9edaf\" data-element_type=\"widget\" data-widget_type=\"text-editor.default\">\n\t\t\t\t<div class=\"elementor-widget-container\">\n\t\t\t\t\t\t\t<ul><li><strong>Delik Haz\u0131rl\u0131\u011f\u0131<\/strong>: Patlatma yap\u0131lacak delikler suya dayan\u0131kl\u0131 ANFO i\u00e7in uygun \u015fekilde haz\u0131rlanmal\u0131d\u0131r.<\/li><li><strong>Kar\u0131\u015f\u0131m ve Doldurma<\/strong>: Suya dayan\u0131kl\u0131 ANFO, deliklere dikkatlice doldurulmal\u0131d\u0131r. Dolum s\u0131ras\u0131nda suyun delik i\u00e7erisine s\u0131zmas\u0131n\u0131 \u00f6nleyecek \u00f6nlemler al\u0131nmal\u0131d\u0131r.<\/li><li><strong>Patlatma<\/strong>: Standart patlatma y\u00f6ntemleri uygulanarak g\u00fcvenli bir \u015fekilde patlatma i\u015flemi ger\u00e7ekle\u015ftirilir.<\/li><\/ul>\t\t\t\t\t\t<\/div>\n\t\t\t\t<\/div>\n\t\t\t\t<div class=\"elementor-element elementor-element-27a33d66 elementor-widget elementor-widget-text-editor\" data-id=\"27a33d66\" data-element_type=\"widget\" data-widget_type=\"text-editor.default\">\n\t\t\t\t<div class=\"elementor-widget-container\">\n\t\t\t\t\t\t\t<div class=\"row\"><div class=\"col-md-12 mb-30\"><h3 class=\"h4 mb-20\">Kullan\u0131m Alanlar\u0131<\/h3><div class=\"checklist style3\"><ul><li><i class=\"fas fa-octagon-check\"><\/i> Yeralt\u0131 Madencili\u011fi<\/li><li><i class=\"fas fa-octagon-check\"><\/i>Ta\u015f Ocaklar\u0131 ve \u0130n\u015faat<\/li><li><i class=\"fas fa-octagon-check\"><\/i> Y\u00fczey Madencili\u011fi<\/li><li><i class=\"fas fa-octagon-check\"><\/i>Karma\u015f\u0131k Jeolojik Ko\u015fullar<\/li><\/ul><\/div><\/div><\/div>\t\t\t\t\t\t<\/div>\n\t\t\t\t<\/div>\n\t\t\t\t<div class=\"elementor-element elementor-element-775fb7c0 elementor-widget elementor-widget-tragafeature\" data-id=\"775fb7c0\" data-element_type=\"widget\" data-widget_type=\"tragafeature.default\">\n\t\t\t\t<div class=\"elementor-widget-container\">\n\t\t\t<div class=\"service-feature-wrap\"><div class=\"service-feature\"><div class=\"service-feature_icon\"><img decoding=\"async\" src=\"https:\/\/themeholy.com\/wordpress\/fresh\/wp-content\/uploads\/2024\/02\/service_feature_1.svg\" alt=\"Mereto%20Patlay\u0131c\u0131%20Madde\"  \/><\/div><div class=\"media-body\"><h4 class=\"service-feature_title\">\u00c7\u00f6z\u00fcm \u00d6nerileri<\/h4><p class=\"service-feature_text\">Esnek \u00e7\u00f6z\u00fcm \u00f6nerileri i\u00e7in uzman ekibimize kolayl\u0131kla dan\u0131\u015fabilirsiniz.<\/p><\/div><\/div><div class=\"service-feature\"><div class=\"service-feature_icon\"><img decoding=\"async\" src=\"https:\/\/themeholy.com\/wordpress\/fresh\/wp-content\/uploads\/2024\/02\/service_feature_2.svg\" alt=\"Mereto%20Patlay\u0131c\u0131%20Madde\"  \/><\/div><div class=\"media-body\"><h4 class=\"service-feature_title\">24\/7 Kaliteli Destek<\/h4><p class=\"service-feature_text\">Her t\u00fcrl\u00fc soru ve g\u00f6r\u00fc\u015f i\u00e7in bizimle ileti\u015fime ge\u00e7ebilirsiniz.<\/p><\/div><\/div><\/div>\t\t<\/div>\n\t\t\t\t<\/div>\n\t\t\t\t\t<\/div>\n\t\t<\/div>\n\t\t\t\t\t<\/div>\n\t\t<\/section>\n\t\t\t\t\t<\/div>\n\t\t<\/div>\n\t\t\t\t\t<\/div>\n\t\t<\/section>\n\t\t\t\t<\/div>\n\t\t","protected":false},"excerpt":{"rendered":"<p>Suya Dayan\u0131kl\u0131 Anfo Suya dayan\u0131kl\u0131 ANFO, suya maruz kalan patlatma alanlar\u0131nda kullan\u0131lmak \u00fczere geli\u015ftirilmi\u015f bir t\u00fcr ANFO\u2019dur. Bu t\u00fcr ANFO, su ge\u00e7irmez bir kaplama veya em\u00fclsiyon teknolojisi ile modifiye edilerek suya kar\u015f\u0131 dayan\u0131kl\u0131 hale getirilir. Suya dayan\u0131kl\u0131 ANFO, nemli veya su dolu deliklerde bile g\u00fcvenilir bir patlama sa\u011flar. G\u00fcvenilir Performans: Suya dayan\u0131kl\u0131 ANFO, su ile&#8230;<\/p>\n","protected":false},"author":1,"featured_media":0,"parent":0,"menu_order":0,"comment_status":"closed","ping_status":"closed","template":"template-builder.php","meta":{"footnotes":""},"class_list":["post-4949","page","type-page","status-publish","hentry"],"_links":{"self":[{"href":"https:\/\/meretopatlayici.com.tr\/index.php\/wp-json\/wp\/v2\/pages\/4949"}],"collection":[{"href":"https:\/\/meretopatlayici.com.tr\/index.php\/wp-json\/wp\/v2\/pages"}],"about":[{"href":"https:\/\/meretopatlayici.com.tr\/index.php\/wp-json\/wp\/v2\/types\/page"}],"author":[{"embeddable":true,"href":"https:\/\/meretopatlayici.com.tr\/index.php\/wp-json\/wp\/v2\/users\/1"}],"replies":[{"embeddable":true,"href":"https:\/\/meretopatlayici.com.tr\/index.php\/wp-json\/wp\/v2\/comments?post=4949"}],"version-history":[{"count":4,"href":"https:\/\/meretopatlayici.com.tr\/index.php\/wp-json\/wp\/v2\/pages\/4949\/revisions"}],"predecessor-version":[{"id":4953,"href":"https:\/\/meretopatlayici.com.tr\/index.php\/wp-json\/wp\/v2\/pages\/4949\/revisions\/4953"}],"wp:attachment":[{"href":"https:\/\/meretopatlayici.com.tr\/index.php\/wp-json\/wp\/v2\/media?parent=4949"}],"curies":[{"name":"wp","href":"https:\/\/api.w.org\/{rel}","templated":true}]}}