{"id":4969,"date":"2024-06-13T20:13:13","date_gmt":"2024-06-13T17:13:13","guid":{"rendered":"https:\/\/meretopatlayici.com.tr\/?page_id=4969"},"modified":"2024-06-13T20:17:18","modified_gmt":"2024-06-13T17:17:18","slug":"infilak-fitil","status":"publish","type":"page","link":"https:\/\/meretopatlayici.com.tr\/index.php\/infilak-fitil\/","title":{"rendered":"\u0130nfilak Fitil"},"content":{"rendered":"\t\t<div data-elementor-type=\"wp-page\" data-elementor-id=\"4969\" class=\"elementor elementor-4969\">\n\t\t\t\t\t\t<section class=\"elementor-section elementor-top-section elementor-element elementor-element-4a800654 elementor-section-boxed elementor-section-height-default elementor-section-height-default\" data-id=\"4a800654\" data-element_type=\"section\">\n\t\t\t\t\t\t<div class=\"elementor-container elementor-column-gap-no\">\n\t\t\t\t\t<div class=\"elementor-column elementor-col-100 elementor-top-column elementor-element elementor-element-1d3b9efc\" data-id=\"1d3b9efc\" data-element_type=\"column\">\n\t\t\t<div class=\"elementor-widget-wrap elementor-element-populated\">\n\t\t\t\t\t\t<section class=\"elementor-section elementor-inner-section elementor-element elementor-element-2202ec6e elementor-section-full_width elementor-section-height-default elementor-section-height-default\" data-id=\"2202ec6e\" data-element_type=\"section\">\n\t\t\t\t\t\t<div class=\"elementor-container elementor-column-gap-no\">\n\t\t\t\t\t<div class=\"elementor-column elementor-col-100 elementor-inner-column elementor-element elementor-element-3ec19dd5 page-single\" data-id=\"3ec19dd5\" data-element_type=\"column\">\n\t\t\t<div class=\"elementor-widget-wrap elementor-element-populated\">\n\t\t\t\t\t\t<div class=\"elementor-element elementor-element-24292833 page-img elementor-widget elementor-widget-image\" data-id=\"24292833\" data-element_type=\"widget\" data-widget_type=\"image.default\">\n\t\t\t\t<div class=\"elementor-widget-container\">\n\t\t\t<style>\/*! elementor - v3.22.0 - 26-06-2024 *\/\n.elementor-widget-image{text-align:center}.elementor-widget-image a{display:inline-block}.elementor-widget-image a img[src$=\".svg\"]{width:48px}.elementor-widget-image img{vertical-align:middle;display:inline-block}<\/style>\t\t\t\t\t\t\t\t\t\t<img fetchpriority=\"high\" decoding=\"async\" width=\"1459\" height=\"832\" src=\"https:\/\/meretopatlayici.com.tr\/wp-content\/uploads\/2024\/06\/infilakli-fitil-kapak.jpg\" class=\"attachment-full size-full wp-image-4894\" alt=\"\" srcset=\"https:\/\/meretopatlayici.com.tr\/wp-content\/uploads\/2024\/06\/infilakli-fitil-kapak.jpg 1459w, https:\/\/meretopatlayici.com.tr\/wp-content\/uploads\/2024\/06\/infilakli-fitil-kapak-600x342.jpg 600w, https:\/\/meretopatlayici.com.tr\/wp-content\/uploads\/2024\/06\/infilakli-fitil-kapak-300x171.jpg 300w, https:\/\/meretopatlayici.com.tr\/wp-content\/uploads\/2024\/06\/infilakli-fitil-kapak-1024x584.jpg 1024w, https:\/\/meretopatlayici.com.tr\/wp-content\/uploads\/2024\/06\/infilakli-fitil-kapak-768x438.jpg 768w\" sizes=\"(max-width: 1459px) 100vw, 1459px\" \/>\t\t\t\t\t\t\t\t\t\t\t\t\t<\/div>\n\t\t\t\t<\/div>\n\t\t\t\t<div class=\"elementor-element elementor-element-3e358639 h3 page-title elementor-widget elementor-widget-heading\" data-id=\"3e358639\" data-element_type=\"widget\" data-widget_type=\"heading.default\">\n\t\t\t\t<div class=\"elementor-widget-container\">\n\t\t\t<style>\/*! elementor - v3.22.0 - 26-06-2024 *\/\n.elementor-heading-title{padding:0;margin:0;line-height:1}.elementor-widget-heading .elementor-heading-title[class*=elementor-size-]>a{color:inherit;font-size:inherit;line-height:inherit}.elementor-widget-heading .elementor-heading-title.elementor-size-small{font-size:15px}.elementor-widget-heading .elementor-heading-title.elementor-size-medium{font-size:19px}.elementor-widget-heading .elementor-heading-title.elementor-size-large{font-size:29px}.elementor-widget-heading .elementor-heading-title.elementor-size-xl{font-size:39px}.elementor-widget-heading .elementor-heading-title.elementor-size-xxl{font-size:59px}<\/style><h3 class=\"elementor-heading-title elementor-size-default\"><h2 style=\"font-family: Barlow, sans-serif; white-space: normal;\">\u0130nfilak Fitil<\/h2><\/h3>\t\t<\/div>\n\t\t\t\t<\/div>\n\t\t\t\t<div class=\"elementor-element elementor-element-fab3ecb elementor-widget elementor-widget-text-editor\" data-id=\"fab3ecb\" data-element_type=\"widget\" data-widget_type=\"text-editor.default\">\n\t\t\t\t<div class=\"elementor-widget-container\">\n\t\t\t<style>\/*! elementor - v3.22.0 - 26-06-2024 *\/\n.elementor-widget-text-editor.elementor-drop-cap-view-stacked .elementor-drop-cap{background-color:#69727d;color:#fff}.elementor-widget-text-editor.elementor-drop-cap-view-framed .elementor-drop-cap{color:#69727d;border:3px solid;background-color:transparent}.elementor-widget-text-editor:not(.elementor-drop-cap-view-default) .elementor-drop-cap{margin-top:8px}.elementor-widget-text-editor:not(.elementor-drop-cap-view-default) .elementor-drop-cap-letter{width:1em;height:1em}.elementor-widget-text-editor .elementor-drop-cap{float:left;text-align:center;line-height:1;font-size:50px}.elementor-widget-text-editor .elementor-drop-cap-letter{display:inline-block}<\/style>\t\t\t\t<p>\u0130nfilak fitili, patlay\u0131c\u0131 maddeleri ate\u015flemek i\u00e7in kullan\u0131lan, i\u00e7inden bir patlay\u0131c\u0131 kar\u0131\u015f\u0131m ge\u00e7en ve d\u0131\u015f\u0131 suya dayan\u0131kl\u0131 bir malzeme ile kaplanm\u0131\u015f, esnek bir kablodur. Fitilin i\u00e7ine yerle\u015ftirilen bu patlay\u0131c\u0131 kar\u0131\u015f\u0131m, fitilin bir ucundan ate\u015flendi\u011finde h\u0131zla yanarak patlay\u0131c\u0131y\u0131 tetikler.<\/p>\t\t\t\t\t\t<\/div>\n\t\t\t\t<\/div>\n\t\t\t\t<div class=\"elementor-element elementor-element-13da03a elementor-widget elementor-widget-text-editor\" data-id=\"13da03a\" data-element_type=\"widget\" data-widget_type=\"text-editor.default\">\n\t\t\t\t<div class=\"elementor-widget-container\">\n\t\t\t\t\t\t\t<p><strong>\u0130nfilak Fitilinin \u00d6zellikleri:<\/strong><\/p><p><strong>H\u0131zl\u0131 Tutu\u015fma<\/strong>: \u0130\u00e7i patlay\u0131c\u0131 bir madde ile dolu oldu\u011fundan, h\u0131zl\u0131 ve g\u00fcvenilir bir \u015fekilde yanar.<\/p><p><strong>Esneklik<\/strong>: Esnek yap\u0131s\u0131 sayesinde, \u00e7e\u015fitli \u015fekil ve boyutlarda d\u00fczenlenebilir ve uygulanabilir.<\/p><p><strong>Suya Dayan\u0131kl\u0131l\u0131k<\/strong>: D\u0131\u015f kaplamas\u0131 sayesinde su ge\u00e7irmez, b\u00f6ylece su alt\u0131 veya nemli ortamlarda kullan\u0131labilir.<\/p><p><strong>G\u00fcvenilirlik<\/strong>: G\u00fcvenilir bir ate\u015fleme sa\u011flar, elektriksel veya elektronik sistemlere ba\u011f\u0131ml\u0131 de\u011fildir.<\/p>\t\t\t\t\t\t<\/div>\n\t\t\t\t<\/div>\n\t\t\t\t<div class=\"elementor-element elementor-element-2d05d58 elementor-widget elementor-widget-text-editor\" data-id=\"2d05d58\" data-element_type=\"widget\" data-widget_type=\"text-editor.default\">\n\t\t\t\t<div class=\"elementor-widget-container\">\n\t\t\t\t\t\t\t<p><strong>\u0130nfilak Fitilinin Avantajlar\u0131:<\/strong><\/p><p><strong>Basit Kullan\u0131m<\/strong>: Kullan\u0131m\u0131 kolayd\u0131r, karma\u015f\u0131k elektronik sistemlere ihtiya\u00e7 duyulmaz.<\/p><p><strong>\u00c7e\u015fitli Uygulamalar<\/strong>: Madencilikten in\u015faata, savunmadan demir-\u00e7elik sanayine kadar geni\u015f bir yelpazede kullan\u0131l\u0131r.<\/p><p><strong>D\u00fc\u015f\u00fck Maliyet<\/strong>: Elektronik kaps\u00fcllere g\u00f6re genellikle daha d\u00fc\u015f\u00fck maliyetlidir.<\/p><p><strong>Hassas Zamanlama<\/strong>: Patlatma zamanlamas\u0131 ve dizilimi kontrol edilebilir, b\u00f6ylece patlamalar aras\u0131nda belirli gecikmeler ayarlanabilir.<\/p>\t\t\t\t\t\t<\/div>\n\t\t\t\t<\/div>\n\t\t\t\t<div class=\"elementor-element elementor-element-dc9edaf elementor-widget elementor-widget-text-editor\" data-id=\"dc9edaf\" data-element_type=\"widget\" data-widget_type=\"text-editor.default\">\n\t\t\t\t<div class=\"elementor-widget-container\">\n\t\t\t\t\t\t\t<p>\u0130nfilak fitili yaln\u0131zca e\u011fitimli ve yetkili personel taraf\u0131ndan kullan\u0131lmal\u0131d\u0131r. Fitiller, uygun ko\u015fullarda ve g\u00fcvenli bir \u015fekilde depolanmal\u0131d\u0131r. \u00dcretici taraf\u0131ndan sa\u011flanan kullan\u0131m ve g\u00fcvenlik talimatlar\u0131na titizlikle uyulmal\u0131d\u0131r. Patlatma i\u015flemleri s\u0131ras\u0131nda uygun ki\u015fisel koruyucu ekipman kullan\u0131lmal\u0131d\u0131r. \u0130nfilak fitili yan\u0131c\u0131 oldu\u011fundan, ate\u015fleme s\u0131ras\u0131nda yang\u0131n riskine kar\u015f\u0131 \u00f6nlemler al\u0131nmal\u0131d\u0131r.<\/p>\t\t\t\t\t\t<\/div>\n\t\t\t\t<\/div>\n\t\t\t\t<div class=\"elementor-element elementor-element-adfd779 elementor-widget elementor-widget-text-editor\" data-id=\"adfd779\" data-element_type=\"widget\" data-widget_type=\"text-editor.default\">\n\t\t\t\t<div class=\"elementor-widget-container\">\n\t\t\t\t\t\t\t<p><strong>Kullan\u0131m Talimatlar\u0131:<\/strong><\/p><p><strong>Fitil Kesimi ve Haz\u0131rl\u0131\u011f\u0131<\/strong>: \u0130nfilak fitili istenilen uzunlukta kesilir ve patlatma plan\u0131na g\u00f6re yerle\u015ftirilir.<\/p><p><strong>Fitilin Ba\u011flanmas\u0131<\/strong>: Fitilin bir ucu patlay\u0131c\u0131ya di\u011fer ucu ate\u015fleme kayna\u011f\u0131na ba\u011flan\u0131r.<\/p><p><strong>Fitil Tutu\u015fmas\u0131<\/strong>: Ate\u015fleme kayna\u011f\u0131 (\u00f6rne\u011fin bir \u00e7akmak veya kibrit) kullan\u0131larak fitilin ucu tutu\u015fturulur.<\/p><p><strong>Patlatma<\/strong>: Fitilin yanmas\u0131yla birlikte patlay\u0131c\u0131 madde ate\u015flenir ve patlama ger\u00e7ekle\u015ftirilir.<\/p>\t\t\t\t\t\t<\/div>\n\t\t\t\t<\/div>\n\t\t\t\t<div class=\"elementor-element elementor-element-27a33d66 elementor-widget elementor-widget-text-editor\" data-id=\"27a33d66\" data-element_type=\"widget\" data-widget_type=\"text-editor.default\">\n\t\t\t\t<div class=\"elementor-widget-container\">\n\t\t\t\t\t\t\t<div class=\"row\">\n<div class=\"col-md-12 mb-30\">\n<h3 class=\"h4 mb-20\">Kullan\u0131m Alanlar\u0131<\/h3>\n<div class=\"checklist style3\">\n<ul>\n \t<li><i class=\"fas fa-octagon-check\"><\/i>Madencilik<\/li>\n \t<li><i class=\"fas fa-octagon-check\"><\/i> \u0130n\u015faat<\/li>\n \t<li><i class=\"fas fa-octagon-check\"><\/i>Ta\u015f Ocaklar\u0131<\/li>\n \t<li><i class=\"fas fa-octagon-check\"><\/i>Savunma Sanayi<\/li>\n \t<li><i class=\"fas fa-octagon-check\"><\/i> Demir-\u00c7elik Sanayi<\/li>\n<\/ul>\n<\/div>\n<\/div>\n<\/div>\t\t\t\t\t\t<\/div>\n\t\t\t\t<\/div>\n\t\t\t\t<div class=\"elementor-element elementor-element-775fb7c0 elementor-widget elementor-widget-tragafeature\" data-id=\"775fb7c0\" data-element_type=\"widget\" data-widget_type=\"tragafeature.default\">\n\t\t\t\t<div class=\"elementor-widget-container\">\n\t\t\t<div class=\"service-feature-wrap\"><div class=\"service-feature\"><div class=\"service-feature_icon\"><img decoding=\"async\" src=\"https:\/\/themeholy.com\/wordpress\/fresh\/wp-content\/uploads\/2024\/02\/service_feature_1.svg\" alt=\"Mereto%20Patlay\u0131c\u0131%20Madde\"  \/><\/div><div class=\"media-body\"><h4 class=\"service-feature_title\">\u00c7\u00f6z\u00fcm \u00d6nerileri<\/h4><p class=\"service-feature_text\">Esnek \u00e7\u00f6z\u00fcm \u00f6nerileri i\u00e7in uzman ekibimize kolayl\u0131kla dan\u0131\u015fabilirsiniz.<\/p><\/div><\/div><div class=\"service-feature\"><div class=\"service-feature_icon\"><img decoding=\"async\" src=\"https:\/\/themeholy.com\/wordpress\/fresh\/wp-content\/uploads\/2024\/02\/service_feature_2.svg\" alt=\"Mereto%20Patlay\u0131c\u0131%20Madde\"  \/><\/div><div class=\"media-body\"><h4 class=\"service-feature_title\">24\/7 Kaliteli Destek<\/h4><p class=\"service-feature_text\">Her t\u00fcrl\u00fc soru ve g\u00f6r\u00fc\u015f i\u00e7in bizimle ileti\u015fime ge\u00e7ebilirsiniz.<\/p><\/div><\/div><\/div>\t\t<\/div>\n\t\t\t\t<\/div>\n\t\t\t\t\t<\/div>\n\t\t<\/div>\n\t\t\t\t\t<\/div>\n\t\t<\/section>\n\t\t\t\t\t<\/div>\n\t\t<\/div>\n\t\t\t\t\t<\/div>\n\t\t<\/section>\n\t\t\t\t<\/div>\n\t\t","protected":false},"excerpt":{"rendered":"<p>\u0130nfilak Fitil \u0130nfilak fitili, patlay\u0131c\u0131 maddeleri ate\u015flemek i\u00e7in kullan\u0131lan, i\u00e7inden bir patlay\u0131c\u0131 kar\u0131\u015f\u0131m ge\u00e7en ve d\u0131\u015f\u0131 suya dayan\u0131kl\u0131 bir malzeme ile kaplanm\u0131\u015f, esnek bir kablodur. Fitilin i\u00e7ine yerle\u015ftirilen bu patlay\u0131c\u0131 kar\u0131\u015f\u0131m, fitilin bir ucundan ate\u015flendi\u011finde h\u0131zla yanarak patlay\u0131c\u0131y\u0131 tetikler. \u0130nfilak Fitilinin \u00d6zellikleri: H\u0131zl\u0131 Tutu\u015fma: \u0130\u00e7i patlay\u0131c\u0131 bir madde ile dolu oldu\u011fundan, h\u0131zl\u0131 ve g\u00fcvenilir bir&#8230;<\/p>\n","protected":false},"author":1,"featured_media":0,"parent":0,"menu_order":0,"comment_status":"closed","ping_status":"closed","template":"template-builder.php","meta":{"footnotes":""},"class_list":["post-4969","page","type-page","status-publish","hentry"],"_links":{"self":[{"href":"https:\/\/meretopatlayici.com.tr\/index.php\/wp-json\/wp\/v2\/pages\/4969"}],"collection":[{"href":"https:\/\/meretopatlayici.com.tr\/index.php\/wp-json\/wp\/v2\/pages"}],"about":[{"href":"https:\/\/meretopatlayici.com.tr\/index.php\/wp-json\/wp\/v2\/types\/page"}],"author":[{"embeddable":true,"href":"https:\/\/meretopatlayici.com.tr\/index.php\/wp-json\/wp\/v2\/users\/1"}],"replies":[{"embeddable":true,"href":"https:\/\/meretopatlayici.com.tr\/index.php\/wp-json\/wp\/v2\/comments?post=4969"}],"version-history":[{"count":4,"href":"https:\/\/meretopatlayici.com.tr\/index.php\/wp-json\/wp\/v2\/pages\/4969\/revisions"}],"predecessor-version":[{"id":4973,"href":"https:\/\/meretopatlayici.com.tr\/index.php\/wp-json\/wp\/v2\/pages\/4969\/revisions\/4973"}],"wp:attachment":[{"href":"https:\/\/meretopatlayici.com.tr\/index.php\/wp-json\/wp\/v2\/media?parent=4969"}],"curies":[{"name":"wp","href":"https:\/\/api.w.org\/{rel}","templated":true}]}}